{"id":307,"date":"2024-11-14T17:13:26","date_gmt":"2024-11-14T17:13:26","guid":{"rendered":"https:\/\/pcreativas.com\/dospinos\/?post_type=product&#038;p=307"},"modified":"2024-12-17T01:33:49","modified_gmt":"2024-12-17T01:33:49","slug":"lula-leche-sabor-chocolate","status":"publish","type":"product","link":"https:\/\/pcreativas.com\/dospinos\/index.php\/producto\/lula-leche-sabor-chocolate\/","title":{"rendered":"Lula Leche sabor chocolate"},"content":{"rendered":"<h4>Caracter\u00edsticas nutricionales y funcionales<\/h4>\n<ul>\n<li>Leche semidescremada saborizada, fuente de prote\u00edna, hierro y calcio natural.<\/li>\n<li>Enriquecido con 13 vitaminas y 4 minerales.<\/li>\n<li>Con colores y sabores naturales.<\/li>\n<li>Sin preservantes.<\/li>\n<li>Con menos de 2 cucharaditas de az\u00facar a\u00f1adido por porci\u00f3n.<\/li>\n<\/ul>\n<h4>Otras caracter\u00edsticas<\/h4>\n<ul>\n<li>Ideal para las meriendas.<\/li>\n<li>Listo para consumir.<\/li>\n<li>Refrigerar despu\u00e9s de abierto.<\/li>\n<\/ul>\n","protected":false},"excerpt":{"rendered":"<h4>Primaria:<\/h4>\n<p>Apoyar la nutrici\u00f3n de ni\u00f1os y ni\u00f1as.<\/p>\n","protected":false},"featured_media":459,"comment_status":"open","ping_status":"closed","template":"","meta":{"_acf_changed":false},"product_brand":[],"product_cat":[23,20],"product_tag":[48,50,49,51,52],"class_list":{"0":"post-307","1":"product","2":"type-product","3":"status-publish","4":"has-post-thumbnail","6":"product_cat-lula","7":"product_cat-lula-leche","8":"product_tag-costa-rica","9":"product_tag-el-salvador","10":"product_tag-guatemala","11":"product_tag-honduras","12":"product_tag-nicaragua","14":"first","15":"instock","16":"shipping-taxable","17":"product-type-simple"},"acf":{"palabras_claves":""},"_links":{"self":[{"href":"https:\/\/pcreativas.com\/dospinos\/index.php\/wp-json\/wp\/v2\/product\/307","targetHints":{"allow":["GET"]}}],"collection":[{"href":"https:\/\/pcreativas.com\/dospinos\/index.php\/wp-json\/wp\/v2\/product"}],"about":[{"href":"https:\/\/pcreativas.com\/dospinos\/index.php\/wp-json\/wp\/v2\/types\/product"}],"replies":[{"embeddable":true,"href":"https:\/\/pcreativas.com\/dospinos\/index.php\/wp-json\/wp\/v2\/comments?post=307"}],"wp:featuredmedia":[{"embeddable":true,"href":"https:\/\/pcreativas.com\/dospinos\/index.php\/wp-json\/wp\/v2\/media\/459"}],"wp:attachment":[{"href":"https:\/\/pcreativas.com\/dospinos\/index.php\/wp-json\/wp\/v2\/media?parent=307"}],"wp:term":[{"taxonomy":"product_brand","embeddable":true,"href":"https:\/\/pcreativas.com\/dospinos\/index.php\/wp-json\/wp\/v2\/product_brand?post=307"},{"taxonomy":"product_cat","embeddable":true,"href":"https:\/\/pcreativas.com\/dospinos\/index.php\/wp-json\/wp\/v2\/product_cat?post=307"},{"taxonomy":"product_tag","embeddable":true,"href":"https:\/\/pcreativas.com\/dospinos\/index.php\/wp-json\/wp\/v2\/product_tag?post=307"}],"curies":[{"name":"wp","href":"https:\/\/api.w.org\/{rel}","templated":true}]}}