{"id":441,"date":"2024-11-14T22:50:49","date_gmt":"2024-11-14T22:50:49","guid":{"rendered":"https:\/\/pcreativas.com\/dospinos\/?post_type=product&#038;p=441"},"modified":"2024-12-11T23:15:29","modified_gmt":"2024-12-11T23:15:29","slug":"preparado-alimenticio-complementario-a-base-de-leche-lula-cre-c-1-liquido","status":"publish","type":"product","link":"https:\/\/pcreativas.com\/dospinos\/index.php\/producto\/preparado-alimenticio-complementario-a-base-de-leche-lula-cre-c-1-liquido\/","title":{"rendered":"Preparado alimenticio complementario a base de leche Lula Cre-c 1+ l\u00edquido"},"content":{"rendered":"<h4>Caracter\u00edsticas nutricionales y funcionales<\/h4>\n<ul>\n<li>Elaborado a base de leche, sin az\u00facar a\u00f1adido.<\/li>\n<li>Con Complete Care que apoyar\u00e1:\n<ol>\n<li>Funci\u00f3n digestiva: fibra prebi\u00f3tica.<\/li>\n<\/ol>\n<\/li>\n<\/ul>\n<p>Una adecuada alimentaci\u00f3n y un consumo regular de alimentos con fibras prebi\u00f3ticas, promueven el crecimiento de bacterias intestinales ben\u00e9ficas y ayudan a mejorar la funci\u00f3n intestinal y las defensas naturales.<\/p>\n<ul>\n<li style=\"list-style-type: none;\">\n<ul>\n<li>Funci\u00f3n inmune: vitaminas D, C y B6.<\/li>\n<li>Desarrollo cognitivo: hierro y zinc.<\/li>\n<\/ul>\n<\/li>\n<\/ul>\n<ul>\n<li>Crecimiento: prote\u00edna y f\u00f3sforo.<\/li>\n<\/ul>\n<p>Una dieta saludable que incluya el consumo de productos l\u00e1cteos como parte de una dieta global, y mantenerse f\u00edsicamente activo es importante para su salud.<\/p>\n<h4>Otras caracter\u00edsticas<\/h4>\n<ul>\n<li>100% prote\u00edna l\u00e1ctea.<\/li>\n<li>Mantener en refrigeraci\u00f3n despu\u00e9s de abierto.<\/li>\n<li>Listo para consumir.<\/li>\n<\/ul>\n","protected":false},"excerpt":{"rendered":"<h4>Recomendaciones<\/h4>\n<p>Primaria: Apoyar la nutrici\u00f3n de ni\u00f1os y ni\u00f1as de 1 a 3 a\u00f1os de edad. Este preparado complementario no debe usarse para sustituir la leche materna<\/p>\n","protected":false},"featured_media":463,"comment_status":"open","ping_status":"closed","template":"","meta":{"_acf_changed":false},"product_brand":[],"product_cat":[23,22],"product_tag":[48,50,49,51,52],"class_list":{"0":"post-441","1":"product","2":"type-product","3":"status-publish","4":"has-post-thumbnail","6":"product_cat-lula","7":"product_cat-lula-cre-c","8":"product_tag-costa-rica","9":"product_tag-el-salvador","10":"product_tag-guatemala","11":"product_tag-honduras","12":"product_tag-nicaragua","14":"first","15":"instock","16":"shipping-taxable","17":"product-type-simple"},"acf":{"palabras_claves":""},"_links":{"self":[{"href":"https:\/\/pcreativas.com\/dospinos\/index.php\/wp-json\/wp\/v2\/product\/441","targetHints":{"allow":["GET"]}}],"collection":[{"href":"https:\/\/pcreativas.com\/dospinos\/index.php\/wp-json\/wp\/v2\/product"}],"about":[{"href":"https:\/\/pcreativas.com\/dospinos\/index.php\/wp-json\/wp\/v2\/types\/product"}],"replies":[{"embeddable":true,"href":"https:\/\/pcreativas.com\/dospinos\/index.php\/wp-json\/wp\/v2\/comments?post=441"}],"wp:featuredmedia":[{"embeddable":true,"href":"https:\/\/pcreativas.com\/dospinos\/index.php\/wp-json\/wp\/v2\/media\/463"}],"wp:attachment":[{"href":"https:\/\/pcreativas.com\/dospinos\/index.php\/wp-json\/wp\/v2\/media?parent=441"}],"wp:term":[{"taxonomy":"product_brand","embeddable":true,"href":"https:\/\/pcreativas.com\/dospinos\/index.php\/wp-json\/wp\/v2\/product_brand?post=441"},{"taxonomy":"product_cat","embeddable":true,"href":"https:\/\/pcreativas.com\/dospinos\/index.php\/wp-json\/wp\/v2\/product_cat?post=441"},{"taxonomy":"product_tag","embeddable":true,"href":"https:\/\/pcreativas.com\/dospinos\/index.php\/wp-json\/wp\/v2\/product_tag?post=441"}],"curies":[{"name":"wp","href":"https:\/\/api.w.org\/{rel}","templated":true}]}}