{"id":511,"date":"2024-11-28T02:36:34","date_gmt":"2024-11-28T02:36:34","guid":{"rendered":"https:\/\/pcreativas.com\/dospinos\/?post_type=product&#038;p=511"},"modified":"2024-12-12T01:06:15","modified_gmt":"2024-12-12T01:06:15","slug":"leche-50proteina-sabor-vainilla","status":"publish","type":"product","link":"https:\/\/pcreativas.com\/dospinos\/index.php\/producto\/leche-50proteina-sabor-vainilla\/","title":{"rendered":"Leche 50%+prote\u00edna sabor vainilla"},"content":{"rendered":"<h4>Caracter\u00edsticas nutricionales y funcionales<\/h4>\n<ul>\n<li>Leche descremada ultrafiltrada con 12 g de prote\u00edna por porci\u00f3n de 250 mL, lo que equivale a 2 huevos seg\u00fan base de datos USFDA. La prote\u00edna:\u200b\n<ol>\n<li>Contribuye al mantenimiento normal de los huesos.<\/li>\n<li>Promueve la saciedad.<\/li>\n<li>Contribuye al crecimiento y mantenimiento de la masa muscular.<\/li>\n<\/ol>\n<\/li>\n<li>Enriquecida con Vitamina A, D, \u00e1cido f\u00f3lico y\u200b hierro\u200b.<\/li>\n<li>Con 50% +prote\u00edna y 32% +calcio que la leche descremada regular.<\/li>\n<li>Sin preservantes, ni lactosa.<\/li>\n<li>Sin az\u00facar a\u00f1adido, endulzada con Stevia.<\/li>\n<\/ul>\n<p>La leche descremada regular aporta: 8 g de prote\u00edna y 313 mg de calcio por porci\u00f3n de 250 mL.\u200b<\/p>\n<h4>Otras caracter\u00edsticas<\/h4>\n<ul>\n<li>Mantener en refrigeraci\u00f3n.\u200b<\/li>\n<\/ul>\n","protected":false},"excerpt":{"rendered":"<h4>Primaria:<\/h4>\n<p>Personas que requieren incrementar su ingesta de prote\u00edna y\/o calcio asociada a la pr\u00e1ctica de actividad f\u00edsica, personas adultas mayores, mujeres embarazadas y en per\u00edodo de lactancia o ante condiciones de salud diversas.<\/p>\n<h4>Secundaria:<\/h4>\n<p>Personas que presenten intolerancia a la lactosa y que requieren omitir los az\u00facares simples en su alimentaci\u00f3n.\u200b<\/p>\n","protected":false},"featured_media":507,"comment_status":"open","ping_status":"closed","template":"","meta":{"_acf_changed":false},"product_brand":[],"product_cat":[26,25],"product_tag":[48,50,49,51,52],"class_list":{"0":"post-511","1":"product","2":"type-product","3":"status-publish","4":"has-post-thumbnail","6":"product_cat-plus","7":"product_cat-plus-leche","8":"product_tag-costa-rica","9":"product_tag-el-salvador","10":"product_tag-guatemala","11":"product_tag-honduras","12":"product_tag-nicaragua","14":"first","15":"instock","16":"shipping-taxable","17":"product-type-simple"},"acf":{"palabras_claves":""},"_links":{"self":[{"href":"https:\/\/pcreativas.com\/dospinos\/index.php\/wp-json\/wp\/v2\/product\/511","targetHints":{"allow":["GET"]}}],"collection":[{"href":"https:\/\/pcreativas.com\/dospinos\/index.php\/wp-json\/wp\/v2\/product"}],"about":[{"href":"https:\/\/pcreativas.com\/dospinos\/index.php\/wp-json\/wp\/v2\/types\/product"}],"replies":[{"embeddable":true,"href":"https:\/\/pcreativas.com\/dospinos\/index.php\/wp-json\/wp\/v2\/comments?post=511"}],"wp:featuredmedia":[{"embeddable":true,"href":"https:\/\/pcreativas.com\/dospinos\/index.php\/wp-json\/wp\/v2\/media\/507"}],"wp:attachment":[{"href":"https:\/\/pcreativas.com\/dospinos\/index.php\/wp-json\/wp\/v2\/media?parent=511"}],"wp:term":[{"taxonomy":"product_brand","embeddable":true,"href":"https:\/\/pcreativas.com\/dospinos\/index.php\/wp-json\/wp\/v2\/product_brand?post=511"},{"taxonomy":"product_cat","embeddable":true,"href":"https:\/\/pcreativas.com\/dospinos\/index.php\/wp-json\/wp\/v2\/product_cat?post=511"},{"taxonomy":"product_tag","embeddable":true,"href":"https:\/\/pcreativas.com\/dospinos\/index.php\/wp-json\/wp\/v2\/product_tag?post=511"}],"curies":[{"name":"wp","href":"https:\/\/api.w.org\/{rel}","templated":true}]}}