{"id":603,"date":"2024-11-28T21:10:40","date_gmt":"2024-11-28T21:10:40","guid":{"rendered":"https:\/\/pcreativas.com\/dospinos\/?post_type=product&#038;p=603"},"modified":"2024-12-12T01:06:15","modified_gmt":"2024-12-12T01:06:15","slug":"yogurt-griego-bebible-post-entreno-sabor-kiwi","status":"publish","type":"product","link":"https:\/\/pcreativas.com\/dospinos\/index.php\/producto\/yogurt-griego-bebible-post-entreno-sabor-kiwi\/","title":{"rendered":"Yogurt griego bebible post entreno sabor kiwi"},"content":{"rendered":"<h4>Caracter\u00edsticas nutricionales y funcionales<\/h4>\n<ul>\n<li>Con 25 g de prote\u00edna por porci\u00f3n.<\/li>\n<li>Con vitaminas B6 y B12 que contribuyen a la reducci\u00f3n del cansancio y la fatiga.<\/li>\n<li>Sin lactosa.<\/li>\n<li>Sin az\u00facar a\u00f1adido, endulzado con Stevia.<\/li>\n<li>Una dieta saludable que incluya el consumo de l\u00e1cteos como parte de una dieta global y mantenerse f\u00edsicamente activo es importante para su salud.<\/li>\n<\/ul>\n<h4>Otras caracter\u00edsticas<\/h4>\n<ul>\n<li>Elaborado con leche descremada.<\/li>\n<li>Mantener en refrigeraci\u00f3n.<\/li>\n<li>Agitese antes de tomar.<\/li>\n<\/ul>\n","protected":false},"excerpt":{"rendered":"<h4>Primaria:<\/h4>\n<p>Personas que buscan apoyar su nutrici\u00f3n post entrenamiento.<\/p>\n<h4>Secundaria:<\/h4>\n<p>Personas que buscan incluir l\u00e1cteos fermentados y apoyar su nutrici\u00f3n, sin el consumo de az\u00facares a\u00f1adidos ni lactosa\u200b.<\/p>\n","protected":false},"featured_media":595,"comment_status":"open","ping_status":"closed","template":"","meta":{"_acf_changed":false},"product_brand":[],"product_cat":[26,27],"product_tag":[48,50,49,51,52],"class_list":{"0":"post-603","1":"product","2":"type-product","3":"status-publish","4":"has-post-thumbnail","6":"product_cat-plus","7":"product_cat-plus-yogurt","8":"product_tag-costa-rica","9":"product_tag-el-salvador","10":"product_tag-guatemala","11":"product_tag-honduras","12":"product_tag-nicaragua","14":"first","15":"instock","16":"shipping-taxable","17":"product-type-simple"},"acf":{"palabras_claves":""},"_links":{"self":[{"href":"https:\/\/pcreativas.com\/dospinos\/index.php\/wp-json\/wp\/v2\/product\/603","targetHints":{"allow":["GET"]}}],"collection":[{"href":"https:\/\/pcreativas.com\/dospinos\/index.php\/wp-json\/wp\/v2\/product"}],"about":[{"href":"https:\/\/pcreativas.com\/dospinos\/index.php\/wp-json\/wp\/v2\/types\/product"}],"replies":[{"embeddable":true,"href":"https:\/\/pcreativas.com\/dospinos\/index.php\/wp-json\/wp\/v2\/comments?post=603"}],"wp:featuredmedia":[{"embeddable":true,"href":"https:\/\/pcreativas.com\/dospinos\/index.php\/wp-json\/wp\/v2\/media\/595"}],"wp:attachment":[{"href":"https:\/\/pcreativas.com\/dospinos\/index.php\/wp-json\/wp\/v2\/media?parent=603"}],"wp:term":[{"taxonomy":"product_brand","embeddable":true,"href":"https:\/\/pcreativas.com\/dospinos\/index.php\/wp-json\/wp\/v2\/product_brand?post=603"},{"taxonomy":"product_cat","embeddable":true,"href":"https:\/\/pcreativas.com\/dospinos\/index.php\/wp-json\/wp\/v2\/product_cat?post=603"},{"taxonomy":"product_tag","embeddable":true,"href":"https:\/\/pcreativas.com\/dospinos\/index.php\/wp-json\/wp\/v2\/product_tag?post=603"}],"curies":[{"name":"wp","href":"https:\/\/api.w.org\/{rel}","templated":true}]}}