{"id":638,"date":"2024-12-02T22:50:04","date_gmt":"2024-12-02T22:50:04","guid":{"rendered":"https:\/\/pcreativas.com\/dospinos\/?post_type=product&#038;p=638"},"modified":"2024-12-18T21:58:20","modified_gmt":"2024-12-18T21:58:20","slug":"helado-proteina-sabor-chocolate-con-chispas-de-chocolate","status":"publish","type":"product","link":"https:\/\/pcreativas.com\/dospinos\/index.php\/producto\/helado-proteina-sabor-chocolate-con-chispas-de-chocolate\/","title":{"rendered":"Helado +Prote\u00edna sabor chocolate con chispas de chocolate\u200b"},"content":{"rendered":"<h4>Caracter\u00edsticas nutricionales y funcionales<\/h4>\n<ul style=\"font-weight: 400;\">\n<li data-charcodes=\"9679\" data-font=\"Raleway,Sans-Serif\" data-buautonum=\"8\" data-margin=\"959\" data-aria-posinset=\"1\" data-aria-level=\"1\"><span data-usefontface=\"true\" data-contrast=\"none\">Con 2 veces m\u00e1s prote\u00edna que el helado de chocolate <\/span><span data-usefontface=\"true\" data-contrast=\"none\">regular (3,1 g\/porci\u00f3n).<\/span>\u200b<\/li>\n<li data-charcodes=\"9679\" data-font=\"Raleway,Sans-Serif\" data-buautonum=\"8\" data-margin=\"959\" data-aria-posinset=\"2\" data-aria-level=\"1\"><span data-usefontface=\"true\" data-contrast=\"none\">80% menos grasa que el helado de chocolate regular (10, <\/span><span data-usefontface=\"true\" data-contrast=\"none\">5 g\/porci\u00f3n).<\/span>\u200b<\/li>\n<li data-charcodes=\"9679\" data-font=\"Raleway,Sans-Serif\" data-buautonum=\"8\" data-margin=\"959\" data-aria-posinset=\"3\" data-aria-level=\"1\"><span data-usefontface=\"true\" data-contrast=\"none\">A<\/span><span data-scheme-color=\"@000000,13,\" data-usefontface=\"true\" data-contrast=\"none\">lto en fibra<\/span><span data-usefontface=\"true\" data-contrast=\"none\">.<\/span>\u200b<\/li>\n<li data-charcodes=\"9679\" data-font=\"Raleway,Sans-Serif\" data-buautonum=\"8\" data-margin=\"959\" data-aria-posinset=\"4\" data-aria-level=\"1\"><span data-scheme-color=\"@000000,13,\" data-usefontface=\"true\" data-contrast=\"none\">Sin lactosa.<\/span>\u200b<\/li>\n<li data-charcodes=\"9679\" data-font=\"Raleway,Sans-Serif\" data-buautonum=\"8\" data-margin=\"959\" data-aria-posinset=\"5\" data-aria-level=\"1\"><span data-scheme-color=\"@000000,13,\" data-usefontface=\"true\" data-contrast=\"none\">Sin az\u00facar a\u00f1adido. <\/span>\u200b<\/li>\n<li data-charcodes=\"9679\" data-font=\"Raleway,Sans-Serif\" data-buautonum=\"8\" data-margin=\"959\" data-aria-posinset=\"6\" data-aria-level=\"1\"><span data-usefontface=\"true\" data-contrast=\"none\">Una dieta saludable que incluya el consumo de l\u00e1cteos <\/span><span data-usefontface=\"true\" data-contrast=\"none\">como parte de una dieta global y mantenerse f\u00edsicamente <\/span><span data-usefontface=\"true\" data-contrast=\"none\">activo es importante para su salud.<\/span>\u200b<\/li>\n<\/ul>\n<h4>Caracter\u00edsticas nutricionales y funcionales<\/h4>\n<ul>\n<li>Elaborado con leches descremada y semidescremada.<\/li>\n<li>Mantener en congelaci\u00f3n.<\/li>\n<\/ul>\n","protected":false},"excerpt":{"rendered":"<h4>Primaria:<\/h4>\n<p>Personas que requieren una alimentaci\u00f3n alta en fibra y prote\u00edna.<\/p>\n<h4>Secundaria:<\/h4>\n<p>Personas que requieren una alimentaci\u00f3n sin az\u00facar a\u00f1adida ni lactosa<\/p>\n","protected":false},"featured_media":633,"comment_status":"open","ping_status":"closed","template":"","meta":{"_acf_changed":false},"product_brand":[],"product_cat":[26,29],"product_tag":[48,50,49,51,52],"class_list":{"0":"post-638","1":"product","2":"type-product","3":"status-publish","4":"has-post-thumbnail","6":"product_cat-plus","7":"product_cat-plus-helado","8":"product_tag-costa-rica","9":"product_tag-el-salvador","10":"product_tag-guatemala","11":"product_tag-honduras","12":"product_tag-nicaragua","14":"first","15":"instock","16":"shipping-taxable","17":"product-type-simple"},"acf":{"palabras_claves":"helados"},"_links":{"self":[{"href":"https:\/\/pcreativas.com\/dospinos\/index.php\/wp-json\/wp\/v2\/product\/638","targetHints":{"allow":["GET"]}}],"collection":[{"href":"https:\/\/pcreativas.com\/dospinos\/index.php\/wp-json\/wp\/v2\/product"}],"about":[{"href":"https:\/\/pcreativas.com\/dospinos\/index.php\/wp-json\/wp\/v2\/types\/product"}],"replies":[{"embeddable":true,"href":"https:\/\/pcreativas.com\/dospinos\/index.php\/wp-json\/wp\/v2\/comments?post=638"}],"wp:featuredmedia":[{"embeddable":true,"href":"https:\/\/pcreativas.com\/dospinos\/index.php\/wp-json\/wp\/v2\/media\/633"}],"wp:attachment":[{"href":"https:\/\/pcreativas.com\/dospinos\/index.php\/wp-json\/wp\/v2\/media?parent=638"}],"wp:term":[{"taxonomy":"product_brand","embeddable":true,"href":"https:\/\/pcreativas.com\/dospinos\/index.php\/wp-json\/wp\/v2\/product_brand?post=638"},{"taxonomy":"product_cat","embeddable":true,"href":"https:\/\/pcreativas.com\/dospinos\/index.php\/wp-json\/wp\/v2\/product_cat?post=638"},{"taxonomy":"product_tag","embeddable":true,"href":"https:\/\/pcreativas.com\/dospinos\/index.php\/wp-json\/wp\/v2\/product_tag?post=638"}],"curies":[{"name":"wp","href":"https:\/\/api.w.org\/{rel}","templated":true}]}}