{"id":747,"date":"2024-12-06T19:57:51","date_gmt":"2024-12-06T19:57:51","guid":{"rendered":"https:\/\/pcreativas.com\/dospinos\/?post_type=product&#038;p=747"},"modified":"2024-12-18T21:56:34","modified_gmt":"2024-12-18T21:56:34","slug":"deligurt-liquido-in-line-sabor-a-fresa","status":"publish","type":"product","link":"https:\/\/pcreativas.com\/dospinos\/index.php\/producto\/deligurt-liquido-in-line-sabor-a-fresa\/","title":{"rendered":"Deligurt L\u00edquido In Line sabor a fresa"},"content":{"rendered":"<h4>Caracter\u00edsticas nutricionales y funcionales\u200b<\/h4>\n<ul>\n<li>Yogurt descremado.<\/li>\n<li>Con cultivos probi\u00f3ticos L. casei (SANCOR CRL-431). El consumo regular de yogurt contribuye junto con otras buenas pr\u00e1cticas al equilibrio intestinal.\u200b<\/li>\n<li>Sin az\u00facar a\u00f1adido.\u200b<\/li>\n<li>Aporta calcio y prote\u00edna.\u200b<\/li>\n<li>Una dieta saludable que incluya el consumo de l\u00e1cteos como parte de una dieta global y mantenerse f\u00edsicamente activo es importante para su salud.\u200b<\/li>\n<\/ul>\n<h4>Otras caracter\u00edsticas<\/h4>\n<ul>\n<li>Producto l\u00e1cteo cultivado, elaborado a partir de leche descremada y fruta.<\/li>\n<li>Mantener en refrigeraci\u00f3n.<\/li>\n<li>Ag\u00edtese antes de consumir.<\/li>\n<\/ul>\n","protected":false},"excerpt":{"rendered":"<h4>Primaria:<\/h4>\n<p>Personas que buscan incluir l\u00e1cteos fermentados bajos en calor\u00edas, grasa y sin az\u00facar a\u00f1adido.<\/p>\n","protected":false},"featured_media":731,"comment_status":"open","ping_status":"closed","template":"","meta":{"_acf_changed":false},"product_brand":[],"product_cat":[30,32],"product_tag":[48,50,49,51,52],"class_list":{"0":"post-747","1":"product","2":"type-product","3":"status-publish","4":"has-post-thumbnail","6":"product_cat-in-line","7":"product_cat-in-line-yogurt","8":"product_tag-costa-rica","9":"product_tag-el-salvador","10":"product_tag-guatemala","11":"product_tag-honduras","12":"product_tag-nicaragua","14":"first","15":"instock","16":"shipping-taxable","17":"product-type-simple"},"acf":{"palabras_claves":"yogurt"},"_links":{"self":[{"href":"https:\/\/pcreativas.com\/dospinos\/index.php\/wp-json\/wp\/v2\/product\/747","targetHints":{"allow":["GET"]}}],"collection":[{"href":"https:\/\/pcreativas.com\/dospinos\/index.php\/wp-json\/wp\/v2\/product"}],"about":[{"href":"https:\/\/pcreativas.com\/dospinos\/index.php\/wp-json\/wp\/v2\/types\/product"}],"replies":[{"embeddable":true,"href":"https:\/\/pcreativas.com\/dospinos\/index.php\/wp-json\/wp\/v2\/comments?post=747"}],"wp:featuredmedia":[{"embeddable":true,"href":"https:\/\/pcreativas.com\/dospinos\/index.php\/wp-json\/wp\/v2\/media\/731"}],"wp:attachment":[{"href":"https:\/\/pcreativas.com\/dospinos\/index.php\/wp-json\/wp\/v2\/media?parent=747"}],"wp:term":[{"taxonomy":"product_brand","embeddable":true,"href":"https:\/\/pcreativas.com\/dospinos\/index.php\/wp-json\/wp\/v2\/product_brand?post=747"},{"taxonomy":"product_cat","embeddable":true,"href":"https:\/\/pcreativas.com\/dospinos\/index.php\/wp-json\/wp\/v2\/product_cat?post=747"},{"taxonomy":"product_tag","embeddable":true,"href":"https:\/\/pcreativas.com\/dospinos\/index.php\/wp-json\/wp\/v2\/product_tag?post=747"}],"curies":[{"name":"wp","href":"https:\/\/api.w.org\/{rel}","templated":true}]}}