{"id":822,"date":"2024-12-06T22:28:22","date_gmt":"2024-12-06T22:28:22","guid":{"rendered":"https:\/\/pcreativas.com\/dospinos\/?post_type=product&#038;p=822"},"modified":"2024-12-18T21:35:16","modified_gmt":"2024-12-18T21:35:16","slug":"biodelactomy-sabor-a-arandano","status":"publish","type":"product","link":"https:\/\/pcreativas.com\/dospinos\/index.php\/producto\/biodelactomy-sabor-a-arandano\/","title":{"rendered":"BioDelactomy sabor a ar\u00e1ndano"},"content":{"rendered":"<h4>Caracter\u00edsticas nutricionales y funcionales\u200b<\/h4>\n<ul>\n<li>Yogurt descremado, deslactosado, de f\u00e1cil digesti\u00f3n, aromatizado, sin az\u00facar a\u00f1adido.<\/li>\n<li>*48% menos calor\u00edas y 89% menos grasa que el yogurt regular.<\/li>\n<li>Con cultivos probi\u00f3ticos B. lactis que ante un consumo diario puede contribuir a mantener el equilibrio de la flora intestinal y regular el tr\u00e1nsito intestinal.<\/li>\n<li>Aporta calcio y prote\u00edna.<\/li>\n<\/ul>\n<h4>Otras caracter\u00edsticas<\/h4>\n<ul>\n<li>Producto l\u00e1cteo cultivado, elaborado a partir de leche descremada y fruta.<\/li>\n<li>Mantener en refrigeraci\u00f3n.<\/li>\n<li>Agitar antes de consumir.<\/li>\n<\/ul>\n","protected":false},"excerpt":{"rendered":"<h4>Primaria:<\/h4>\n<p>Personas que buscan incluir l\u00e1cteos fermentados bajos en calor\u00edas, grasa y sin az\u00facar a\u00f1adido.<\/p>\n<h4>Secundaria:<\/h4>\n<p>Personas que buscan incluir probi\u00f3ticos para propiciar balance de la flora intestinal.<\/p>\n","protected":false},"featured_media":804,"comment_status":"open","ping_status":"closed","template":"","meta":{"_acf_changed":false},"product_brand":[],"product_cat":[36,38],"product_tag":[48,50,49,51,52],"class_list":{"0":"post-822","1":"product","2":"type-product","3":"status-publish","4":"has-post-thumbnail","6":"product_cat-delactomy","7":"product_cat-delactomy-yogurt","8":"product_tag-costa-rica","9":"product_tag-el-salvador","10":"product_tag-guatemala","11":"product_tag-honduras","12":"product_tag-nicaragua","14":"first","15":"instock","16":"shipping-taxable","17":"product-type-simple"},"acf":{"palabras_claves":"yogurt"},"_links":{"self":[{"href":"https:\/\/pcreativas.com\/dospinos\/index.php\/wp-json\/wp\/v2\/product\/822","targetHints":{"allow":["GET"]}}],"collection":[{"href":"https:\/\/pcreativas.com\/dospinos\/index.php\/wp-json\/wp\/v2\/product"}],"about":[{"href":"https:\/\/pcreativas.com\/dospinos\/index.php\/wp-json\/wp\/v2\/types\/product"}],"replies":[{"embeddable":true,"href":"https:\/\/pcreativas.com\/dospinos\/index.php\/wp-json\/wp\/v2\/comments?post=822"}],"wp:featuredmedia":[{"embeddable":true,"href":"https:\/\/pcreativas.com\/dospinos\/index.php\/wp-json\/wp\/v2\/media\/804"}],"wp:attachment":[{"href":"https:\/\/pcreativas.com\/dospinos\/index.php\/wp-json\/wp\/v2\/media?parent=822"}],"wp:term":[{"taxonomy":"product_brand","embeddable":true,"href":"https:\/\/pcreativas.com\/dospinos\/index.php\/wp-json\/wp\/v2\/product_brand?post=822"},{"taxonomy":"product_cat","embeddable":true,"href":"https:\/\/pcreativas.com\/dospinos\/index.php\/wp-json\/wp\/v2\/product_cat?post=822"},{"taxonomy":"product_tag","embeddable":true,"href":"https:\/\/pcreativas.com\/dospinos\/index.php\/wp-json\/wp\/v2\/product_tag?post=822"}],"curies":[{"name":"wp","href":"https:\/\/api.w.org\/{rel}","templated":true}]}}