{"id":825,"date":"2024-12-06T22:33:28","date_gmt":"2024-12-06T22:33:28","guid":{"rendered":"https:\/\/pcreativas.com\/dospinos\/?post_type=product&#038;p=825"},"modified":"2024-12-18T21:34:39","modified_gmt":"2024-12-18T21:34:39","slug":"biodelactomy-defensa-sabor-vainilla","status":"publish","type":"product","link":"https:\/\/pcreativas.com\/dospinos\/index.php\/producto\/biodelactomy-defensa-sabor-vainilla\/","title":{"rendered":"BioDelactomy Defensa sabor vainilla"},"content":{"rendered":"<h4>Caracter\u00edsticas nutricionales y funcionales\u200b<\/h4>\n<ul>\n<li>Leche fermentada descremada deslactosada, sin az\u00facar a\u00f1adido.<\/li>\n<li>Con cultivos probi\u00f3ticos activos <i>L. <\/i><i>casei<\/i> CRL-431, que ante un consumo diario puede contribuir a mantener el equilibrio de la flora intestinal e incentivar el sistema inmune.<\/li>\n<li>En conjunto con los probi\u00f3ticos, el zinc y la vitamina C tambi\u00e9n apoyar\u00e1n el funcionamiento normal del sistema de defensas.<\/li>\n<li>Una dieta saludable que incluya el consumo de l\u00e1cteos como parte de una dieta global y mantenerse f\u00edsicamente activo es importante para su salud.<\/li>\n<\/ul>\n<h4>Otras caracter\u00edsticas<\/h4>\n<ul>\n<li>Producto l\u00e1cteo cultivado, elaborado a partir de leche descremada.<\/li>\n<li>Mantener en refrigeraci\u00f3n.<\/li>\n<li>Ag\u00edtese antes de consumir.<\/li>\n<\/ul>\n","protected":false},"excerpt":{"rendered":"<h4>Primaria:<\/h4>\n<p>Personas que buscan incluir l\u00e1cteos fermentados, con cargas altas de probi\u00f3ticos, bajos en calor\u00edas, grasa y sin az\u00facar a\u00f1adido.<\/p>\n","protected":false},"featured_media":806,"comment_status":"open","ping_status":"closed","template":"","meta":{"_acf_changed":false},"product_brand":[],"product_cat":[36,38],"product_tag":[48,50,49,51,52],"class_list":{"0":"post-825","1":"product","2":"type-product","3":"status-publish","4":"has-post-thumbnail","6":"product_cat-delactomy","7":"product_cat-delactomy-yogurt","8":"product_tag-costa-rica","9":"product_tag-el-salvador","10":"product_tag-guatemala","11":"product_tag-honduras","12":"product_tag-nicaragua","14":"first","15":"instock","16":"shipping-taxable","17":"product-type-simple"},"acf":{"palabras_claves":"yogurt"},"_links":{"self":[{"href":"https:\/\/pcreativas.com\/dospinos\/index.php\/wp-json\/wp\/v2\/product\/825","targetHints":{"allow":["GET"]}}],"collection":[{"href":"https:\/\/pcreativas.com\/dospinos\/index.php\/wp-json\/wp\/v2\/product"}],"about":[{"href":"https:\/\/pcreativas.com\/dospinos\/index.php\/wp-json\/wp\/v2\/types\/product"}],"replies":[{"embeddable":true,"href":"https:\/\/pcreativas.com\/dospinos\/index.php\/wp-json\/wp\/v2\/comments?post=825"}],"wp:featuredmedia":[{"embeddable":true,"href":"https:\/\/pcreativas.com\/dospinos\/index.php\/wp-json\/wp\/v2\/media\/806"}],"wp:attachment":[{"href":"https:\/\/pcreativas.com\/dospinos\/index.php\/wp-json\/wp\/v2\/media?parent=825"}],"wp:term":[{"taxonomy":"product_brand","embeddable":true,"href":"https:\/\/pcreativas.com\/dospinos\/index.php\/wp-json\/wp\/v2\/product_brand?post=825"},{"taxonomy":"product_cat","embeddable":true,"href":"https:\/\/pcreativas.com\/dospinos\/index.php\/wp-json\/wp\/v2\/product_cat?post=825"},{"taxonomy":"product_tag","embeddable":true,"href":"https:\/\/pcreativas.com\/dospinos\/index.php\/wp-json\/wp\/v2\/product_tag?post=825"}],"curies":[{"name":"wp","href":"https:\/\/api.w.org\/{rel}","templated":true}]}}